{"id":95,"date":"2026-03-06T20:49:39","date_gmt":"2026-03-06T20:49:39","guid":{"rendered":"https:\/\/cokolwiek1234.pl\/?page_id=95"},"modified":"2026-03-07T11:16:08","modified_gmt":"2026-03-07T11:16:08","slug":"uslugi","status":"publish","type":"page","link":"https:\/\/cokolwiek1234.pl\/index.php\/uslugi\/","title":{"rendered":"Us\u0142ugi"},"content":{"rendered":"\t\t<div data-elementor-type=\"wp-page\" data-elementor-id=\"95\" class=\"elementor elementor-95\">\n\t\t\t\t<div class=\"elementor-element elementor-element-hw62qyg e-flex e-con-boxed e-con e-parent\" data-id=\"hw62qyg\" data-element_type=\"container\" data-e-type=\"container\" data-settings=\"{&quot;background_background&quot;:&quot;classic&quot;}\">\n\t\t\t\t\t<div class=\"e-con-inner\">\n\t\t<div class=\"elementor-element elementor-element-de3bad6 e-con-full e-flex e-con e-child\" data-id=\"de3bad6\" data-element_type=\"container\" data-e-type=\"container\">\n\t\t\t\t<div class=\"elementor-element elementor-element-ad72e4f elementor-widget elementor-widget-heading\" data-id=\"ad72e4f\" data-element_type=\"widget\" data-e-type=\"widget\" data-widget_type=\"heading.default\">\n\t\t\t\t\t<h1 class=\"elementor-heading-title elementor-size-default\">Services<\/h1>\t\t\t\t<\/div>\n\t\t\t\t<\/div>\n\t\t\t\t\t<\/div>\n\t\t\t\t<\/div>\n\t\t<div class=\"elementor-element elementor-element-pqtvsb4 e-flex e-con-boxed e-con e-parent\" data-id=\"pqtvsb4\" data-element_type=\"container\" data-e-type=\"container\" data-settings=\"{&quot;background_background&quot;:&quot;classic&quot;}\">\n\t\t\t\t\t<div class=\"e-con-inner\">\n\t\t<div class=\"elementor-element elementor-element-ebb2f07 e-con-full e-flex e-con e-child\" data-id=\"ebb2f07\" data-element_type=\"container\" data-e-type=\"container\">\n\t\t\t\t<div class=\"elementor-element elementor-element-ef26ff0 elementor-widget elementor-widget-heading\" data-id=\"ef26ff0\" data-element_type=\"widget\" data-e-type=\"widget\" data-widget_type=\"heading.default\">\n\t\t\t\t\t<h6 class=\"elementor-heading-title elementor-size-default\">NASZE US\u0141UGI<\/h6>\t\t\t\t<\/div>\n\t\t\t\t<div class=\"elementor-element elementor-element-4dd7fe9 elementor-widget elementor-widget-heading\" data-id=\"4dd7fe9\" data-element_type=\"widget\" data-e-type=\"widget\" data-widget_type=\"heading.default\">\n\t\t\t\t\t<h2 class=\"elementor-heading-title elementor-size-default\">ZAUFAJ NASZEMU DO\u015aWIADCZENIU<\/h2>\t\t\t\t<\/div>\n\t\t<div class=\"elementor-element elementor-element-9b2f3c1 e-flex e-con-boxed e-con e-child\" data-id=\"9b2f3c1\" data-element_type=\"container\" data-e-type=\"container\">\n\t\t\t\t\t<div class=\"e-con-inner\">\n\t\t\t\t<div class=\"elementor-element elementor-element-1d70f17 elementor-widget__width-initial elementor-widget-tablet__width-initial elementor-widget-mobile__width-inherit elementor-position-top elementor-widget elementor-widget-image-box\" data-id=\"1d70f17\" data-element_type=\"widget\" data-e-type=\"widget\" data-widget_type=\"image-box.default\">\n\t\t\t\t\t<div class=\"elementor-image-box-wrapper\"><figure class=\"elementor-image-box-img\"><img fetchpriority=\"high\" decoding=\"async\" width=\"2560\" height=\"1707\" src=\"https:\/\/cokolwiek1234.pl\/wp-content\/uploads\/2026\/03\/nina-mercado-Y_t0n-T4H5M-unsplash-scaled.jpg\" class=\"attachment-full size-full wp-image-106\" alt=\"\" srcset=\"https:\/\/cokolwiek1234.pl\/wp-content\/uploads\/2026\/03\/nina-mercado-Y_t0n-T4H5M-unsplash-scaled.jpg 2560w, https:\/\/cokolwiek1234.pl\/wp-content\/uploads\/2026\/03\/nina-mercado-Y_t0n-T4H5M-unsplash-300x200.jpg 300w, https:\/\/cokolwiek1234.pl\/wp-content\/uploads\/2026\/03\/nina-mercado-Y_t0n-T4H5M-unsplash-1024x683.jpg 1024w, https:\/\/cokolwiek1234.pl\/wp-content\/uploads\/2026\/03\/nina-mercado-Y_t0n-T4H5M-unsplash-768x512.jpg 768w, https:\/\/cokolwiek1234.pl\/wp-content\/uploads\/2026\/03\/nina-mercado-Y_t0n-T4H5M-unsplash-1536x1024.jpg 1536w, https:\/\/cokolwiek1234.pl\/wp-content\/uploads\/2026\/03\/nina-mercado-Y_t0n-T4H5M-unsplash-2048x1365.jpg 2048w\" sizes=\"(max-width: 2560px) 100vw, 2560px\" \/><\/figure><div class=\"elementor-image-box-content\"><h4 class=\"elementor-image-box-title\">Diagnostyka komputerowa<\/h4><p class=\"elementor-image-box-description\">Szybka i precyzyjna analiza b\u0142\u0119d\u00f3w komputera samochodu. Dzi\u0119ki nowoczesnym testerom odczytujemy kody usterek i wskazujemy, co wymaga naprawy. Idealne rozwi\u0105zanie przy kontrolce \u201eCheck Engine\u201d lub problemach z elektronik\u0105.\nCena: 120 z\u0142<\/p><\/div><\/div>\t\t\t\t<\/div>\n\t\t\t\t<div class=\"elementor-element elementor-element-bfe6c5d elementor-widget__width-initial elementor-widget-tablet__width-initial elementor-widget-mobile__width-inherit elementor-position-top elementor-widget elementor-widget-image-box\" data-id=\"bfe6c5d\" data-element_type=\"widget\" data-e-type=\"widget\" data-widget_type=\"image-box.default\">\n\t\t\t\t\t<div class=\"elementor-image-box-wrapper\"><figure class=\"elementor-image-box-img\"><img decoding=\"async\" width=\"2560\" height=\"1707\" src=\"https:\/\/cokolwiek1234.pl\/wp-content\/uploads\/2026\/03\/tim-mossholder-V37iTrYZz2E-unsplash-1-scaled.jpg\" class=\"attachment-full size-full wp-image-107\" alt=\"\" srcset=\"https:\/\/cokolwiek1234.pl\/wp-content\/uploads\/2026\/03\/tim-mossholder-V37iTrYZz2E-unsplash-1-scaled.jpg 2560w, https:\/\/cokolwiek1234.pl\/wp-content\/uploads\/2026\/03\/tim-mossholder-V37iTrYZz2E-unsplash-1-300x200.jpg 300w, https:\/\/cokolwiek1234.pl\/wp-content\/uploads\/2026\/03\/tim-mossholder-V37iTrYZz2E-unsplash-1-1024x683.jpg 1024w, https:\/\/cokolwiek1234.pl\/wp-content\/uploads\/2026\/03\/tim-mossholder-V37iTrYZz2E-unsplash-1-768x512.jpg 768w, https:\/\/cokolwiek1234.pl\/wp-content\/uploads\/2026\/03\/tim-mossholder-V37iTrYZz2E-unsplash-1-1536x1024.jpg 1536w, https:\/\/cokolwiek1234.pl\/wp-content\/uploads\/2026\/03\/tim-mossholder-V37iTrYZz2E-unsplash-1-2048x1365.jpg 2048w\" sizes=\"(max-width: 2560px) 100vw, 2560px\" \/><\/figure><div class=\"elementor-image-box-content\"><h4 class=\"elementor-image-box-title\">Wymiana oleju i filtr\u00f3w<\/h4><p class=\"elementor-image-box-description\">Regularna wymiana oleju to podstawa d\u0142ugiej \u017cywotno\u015bci silnika. W cenie us\u0142ugi: wymiana oleju, filtra oleju oraz kontrola podstawowych punkt\u00f3w bezpiecze\u0144stwa.\nCena: 180\u2013250 z\u0142 (z materia\u0142em)<\/p><\/div><\/div>\t\t\t\t<\/div>\n\t\t\t\t<div class=\"elementor-element elementor-element-44180fc elementor-widget__width-initial elementor-widget-tablet__width-initial elementor-widget-mobile__width-inherit elementor-position-top elementor-widget elementor-widget-image-box\" data-id=\"44180fc\" data-element_type=\"widget\" data-e-type=\"widget\" data-widget_type=\"image-box.default\">\n\t\t\t\t\t<div class=\"elementor-image-box-wrapper\"><figure class=\"elementor-image-box-img\"><img decoding=\"async\" width=\"2560\" height=\"1920\" src=\"https:\/\/cokolwiek1234.pl\/wp-content\/uploads\/2026\/03\/aaron-huber-KxeFuXta4SE-unsplash-scaled.jpg\" class=\"attachment-full size-full wp-image-75\" alt=\"\" srcset=\"https:\/\/cokolwiek1234.pl\/wp-content\/uploads\/2026\/03\/aaron-huber-KxeFuXta4SE-unsplash-scaled.jpg 2560w, https:\/\/cokolwiek1234.pl\/wp-content\/uploads\/2026\/03\/aaron-huber-KxeFuXta4SE-unsplash-300x225.jpg 300w, https:\/\/cokolwiek1234.pl\/wp-content\/uploads\/2026\/03\/aaron-huber-KxeFuXta4SE-unsplash-1024x768.jpg 1024w, https:\/\/cokolwiek1234.pl\/wp-content\/uploads\/2026\/03\/aaron-huber-KxeFuXta4SE-unsplash-768x576.jpg 768w, https:\/\/cokolwiek1234.pl\/wp-content\/uploads\/2026\/03\/aaron-huber-KxeFuXta4SE-unsplash-1536x1152.jpg 1536w, https:\/\/cokolwiek1234.pl\/wp-content\/uploads\/2026\/03\/aaron-huber-KxeFuXta4SE-unsplash-2048x1536.jpg 2048w\" sizes=\"(max-width: 2560px) 100vw, 2560px\" \/><\/figure><div class=\"elementor-image-box-content\"><h4 class=\"elementor-image-box-title\">Serwis klimatyzacji<\/h4><p class=\"elementor-image-box-description\">Kompleksowa obs\u0142uga uk\u0142adu klimatyzacji \u2013 od odgrzybiania wn\u0119trza po uzupe\u0142nienie czynnika i sprawdzenie szczelno\u015bci. Gwarancja \u015bwie\u017cego powietrza i komfortu jazdy.\nCena: 180 z\u0142 (odgrzybianie) \/ 250 z\u0142 (nabicie + test szczelno\u015bci)<\/p><\/div><\/div>\t\t\t\t<\/div>\n\t\t\t\t<div class=\"elementor-element elementor-element-765c411 elementor-widget__width-initial elementor-widget-tablet__width-initial elementor-widget-mobile__width-inherit elementor-position-top elementor-widget elementor-widget-image-box\" data-id=\"765c411\" data-element_type=\"widget\" data-e-type=\"widget\" data-widget_type=\"image-box.default\">\n\t\t\t\t\t<div class=\"elementor-image-box-wrapper\"><figure class=\"elementor-image-box-img\"><img loading=\"lazy\" decoding=\"async\" width=\"11648\" height=\"8736\" src=\"https:\/\/cokolwiek1234.pl\/wp-content\/uploads\/2026\/03\/christian-buehner-Fd6osyVbtG4-unsplash.jpg\" class=\"attachment-full size-full wp-image-109\" alt=\"\" \/><\/figure><div class=\"elementor-image-box-content\"><h4 class=\"elementor-image-box-title\">Wymiana klock\u00f3w hamulcowych<\/h4><p class=\"elementor-image-box-description\">\nProfesjonalna wymiana klock\u00f3w hamulcowych z kontrol\u0105 tarcz i uk\u0142adu hamulcowego. Zapewniamy wysok\u0105 jako\u015b\u0107, bezpiecze\u0144stwo oraz cz\u0119\u015bci renomowanych producent\u00f3w.\nCena: 150\u2013250 z\u0142 (robocizna)<\/p><\/div><\/div>\t\t\t\t<\/div>\n\t\t\t\t<div class=\"elementor-element elementor-element-9cd1795 elementor-widget__width-initial elementor-widget-tablet__width-initial elementor-widget-mobile__width-inherit elementor-position-top elementor-widget elementor-widget-image-box\" data-id=\"9cd1795\" data-element_type=\"widget\" data-e-type=\"widget\" data-widget_type=\"image-box.default\">\n\t\t\t\t\t<div class=\"elementor-image-box-wrapper\"><figure class=\"elementor-image-box-img\"><img loading=\"lazy\" decoding=\"async\" width=\"2560\" height=\"1707\" src=\"https:\/\/cokolwiek1234.pl\/wp-content\/uploads\/2026\/03\/jimmy-nilsson-masth-9uHal2Dd9aE-unsplash-scaled.jpg\" class=\"attachment-full size-full wp-image-108\" alt=\"\" srcset=\"https:\/\/cokolwiek1234.pl\/wp-content\/uploads\/2026\/03\/jimmy-nilsson-masth-9uHal2Dd9aE-unsplash-scaled.jpg 2560w, https:\/\/cokolwiek1234.pl\/wp-content\/uploads\/2026\/03\/jimmy-nilsson-masth-9uHal2Dd9aE-unsplash-300x200.jpg 300w, https:\/\/cokolwiek1234.pl\/wp-content\/uploads\/2026\/03\/jimmy-nilsson-masth-9uHal2Dd9aE-unsplash-1024x683.jpg 1024w, https:\/\/cokolwiek1234.pl\/wp-content\/uploads\/2026\/03\/jimmy-nilsson-masth-9uHal2Dd9aE-unsplash-768x512.jpg 768w, https:\/\/cokolwiek1234.pl\/wp-content\/uploads\/2026\/03\/jimmy-nilsson-masth-9uHal2Dd9aE-unsplash-1536x1024.jpg 1536w, https:\/\/cokolwiek1234.pl\/wp-content\/uploads\/2026\/03\/jimmy-nilsson-masth-9uHal2Dd9aE-unsplash-2048x1365.jpg 2048w\" sizes=\"(max-width: 2560px) 100vw, 2560px\" \/><\/figure><div class=\"elementor-image-box-content\"><h4 class=\"elementor-image-box-title\">Wymiana opon (sezonowa)<\/h4><p class=\"elementor-image-box-description\">\nProfesjonalna wymiana opon wraz z wywa\u017ceniem i kontrol\u0105 stanu ogumienia. Szybko, sprawnie i z zachowaniem pe\u0142nego bezpiecze\u0144stwa.\nCena: 100\u2013150 z\u0142 (komplet 4 opon)<\/p><\/div><\/div>\t\t\t\t<\/div>\n\t\t\t\t<div class=\"elementor-element elementor-element-3a2ab3a elementor-widget__width-initial elementor-widget-tablet__width-initial elementor-widget-mobile__width-inherit elementor-position-top elementor-widget elementor-widget-image-box\" data-id=\"3a2ab3a\" data-element_type=\"widget\" data-e-type=\"widget\" data-widget_type=\"image-box.default\">\n\t\t\t\t\t<div class=\"elementor-image-box-wrapper\"><figure class=\"elementor-image-box-img\"><img loading=\"lazy\" decoding=\"async\" width=\"2560\" height=\"1707\" src=\"https:\/\/cokolwiek1234.pl\/wp-content\/uploads\/2026\/03\/benjamin-brunner-K3cjUOMmMhc-unsplash-scaled.jpg\" class=\"attachment-full size-full wp-image-110\" alt=\"\" srcset=\"https:\/\/cokolwiek1234.pl\/wp-content\/uploads\/2026\/03\/benjamin-brunner-K3cjUOMmMhc-unsplash-scaled.jpg 2560w, https:\/\/cokolwiek1234.pl\/wp-content\/uploads\/2026\/03\/benjamin-brunner-K3cjUOMmMhc-unsplash-300x200.jpg 300w, https:\/\/cokolwiek1234.pl\/wp-content\/uploads\/2026\/03\/benjamin-brunner-K3cjUOMmMhc-unsplash-1024x683.jpg 1024w, https:\/\/cokolwiek1234.pl\/wp-content\/uploads\/2026\/03\/benjamin-brunner-K3cjUOMmMhc-unsplash-768x512.jpg 768w, https:\/\/cokolwiek1234.pl\/wp-content\/uploads\/2026\/03\/benjamin-brunner-K3cjUOMmMhc-unsplash-1536x1024.jpg 1536w, https:\/\/cokolwiek1234.pl\/wp-content\/uploads\/2026\/03\/benjamin-brunner-K3cjUOMmMhc-unsplash-2048x1365.jpg 2048w\" sizes=\"(max-width: 2560px) 100vw, 2560px\" \/><\/figure><div class=\"elementor-image-box-content\"><h4 class=\"elementor-image-box-title\">Geometria k\u00f3\u0142 3D<\/h4><p class=\"elementor-image-box-description\">\nNowoczesne ustawianie geometrii k\u00f3\u0142 zapewniaj\u0105ce stabilno\u015b\u0107 jazdy, mniejsze zu\u017cycie opon i lepsze prowadzenie. Zalecane po wymianie element\u00f3w zawieszenia lub uderzeniu w dziur\u0119\/kraw\u0119\u017cnik.\nCena: 150\u2013200 z\u0142<\/p><\/div><\/div>\t\t\t\t<\/div>\n\t\t\t\t\t<\/div>\n\t\t\t\t<\/div>\n\t\t\t\t<\/div>\n\t\t\t\t\t<\/div>\n\t\t\t\t<\/div>\n\t\t<div class=\"elementor-element elementor-element-o4j1vxc e-flex e-con-boxed e-con e-parent\" data-id=\"o4j1vxc\" data-element_type=\"container\" data-e-type=\"container\" data-settings=\"{&quot;shape_divider_top&quot;:&quot;opacity-tilt&quot;,&quot;background_background&quot;:&quot;classic&quot;}\">\n\t\t\t\t\t<div class=\"e-con-inner\">\n\t\t\t\t<div class=\"elementor-shape elementor-shape-top\" aria-hidden=\"true\" data-negative=\"false\">\n\t\t\t<svg xmlns=\"http:\/\/www.w3.org\/2000\/svg\" viewBox=\"0 0 2600 131.1\" preserveAspectRatio=\"none\">\n\t<path class=\"elementor-shape-fill\" d=\"M0 0L2600 0 2600 69.1 0 0z\"\/>\n\t<path class=\"elementor-shape-fill\" style=\"opacity:0.5\" d=\"M0 0L2600 0 2600 69.1 0 69.1z\"\/>\n\t<path class=\"elementor-shape-fill\" style=\"opacity:0.25\" d=\"M2600 0L0 0 0 130.1 2600 69.1z\"\/>\n<\/svg>\t\t<\/div>\n\t\t\t\t<div class=\"elementor-element elementor-element-16bd686 elementor-widget elementor-widget-hfe-infocard\" data-id=\"16bd686\" data-element_type=\"widget\" data-e-type=\"widget\" data-widget_type=\"hfe-infocard.default\">\n\t\t\t\t<div class=\"elementor-widget-container\">\n\t\t\t\t\t\n\t\t<div class=\"hfe-infocard\">\n\t\t\t\t\t\t\t\t\t<div class=\"hfe-infocard-title-wrap\">\n\t\t\t\t<h2 class=\"hfe-infocard-title elementor-inline-editing\" data-elementor-setting-key=\"infocard_title\" data-elementor-inline-editing-toolbar=\"basic\" >Um\u00f3w si\u0119 na wizyt\u0119<\/h2>\t\t\t<\/div>\n\t\t\t\t\t\t<div class=\"hfe-infocard-text-wrap\">\n\t\t\t\t<div class=\"hfe-infocard-text elementor-inline-editing\" data-elementor-setting-key=\"infocard_description\" data-elementor-inline-editing-toolbar=\"advanced\">\n\t\t\t\t\t\t\t\t\t<\/div>\n\t\t\t\t\t\t\t<\/div>\n\t\t<\/div>\n\n\t\t\t\t\t\t<\/div>\n\t\t\t\t<\/div>\n\t\t\t\t<div class=\"elementor-element elementor-element-b1e6152 elementor-widget elementor-widget-button\" data-id=\"b1e6152\" data-element_type=\"widget\" data-e-type=\"widget\" data-widget_type=\"button.default\">\n\t\t\t\t\t\t\t\t\t\t<a class=\"elementor-button elementor-button-link elementor-size-sm\" href=\"https:\/\/cokolwiek1234.pl\/index.php\/wp-booking-calendar\/\">\n\t\t\t\t\t\t<span class=\"elementor-button-content-wrapper\">\n\t\t\t\t\t\t\t\t\t<span class=\"elementor-button-text\">Kliknij tutaj<\/span>\n\t\t\t\t\t<\/span>\n\t\t\t\t\t<\/a>\n\t\t\t\t\t\t\t\t<\/div>\n\t\t\t\t\t<\/div>\n\t\t\t\t<\/div>\n\t\t\t\t<\/div>\n\t\t","protected":false},"excerpt":{"rendered":"<p>Services NASZE US\u0141UGI ZAUFAJ NASZEMU DO\u015aWIADCZENIU Diagnostyka komputerowa Szybka i precyzyjna analiza b\u0142\u0119d\u00f3w komputera samochodu. Dzi\u0119ki nowoczesnym testerom odczytujemy kody [&hellip;]<\/p>\n","protected":false},"author":1,"featured_media":0,"parent":0,"menu_order":0,"comment_status":"closed","ping_status":"closed","template":"","meta":{"_monsterinsights_skip_tracking":false,"_monsterinsights_sitenote_active":false,"_monsterinsights_sitenote_note":"","_monsterinsights_sitenote_category":0,"site-sidebar-layout":"no-sidebar","site-content-layout":"","ast-site-content-layout":"full-width-container","site-content-style":"default","site-sidebar-style":"default","ast-global-header-display":"","ast-banner-title-visibility":"","ast-main-header-display":"","ast-hfb-above-header-display":"","ast-hfb-below-header-display":"","ast-hfb-mobile-header-display":"","site-post-title":"disabled","ast-breadcrumbs-content":"","ast-featured-img":"disabled","footer-sml-layout":"","ast-disable-related-posts":"","theme-transparent-header-meta":"","adv-header-id-meta":"","stick-header-meta":"","header-above-stick-meta":"","header-main-stick-meta":"","header-below-stick-meta":"","astra-migrate-meta-layouts":"default","ast-page-background-enabled":"default","ast-page-background-meta":{"desktop":{"background-color":"var(--ast-global-color-5)","background-image":"","background-repeat":"repeat","background-position":"center center","background-size":"auto","background-attachment":"scroll","background-type":"","background-media":"","overlay-type":"","overlay-color":"","overlay-opacity":"","overlay-gradient":""},"tablet":{"background-color":"","background-image":"","background-repeat":"repeat","background-position":"center center","background-size":"auto","background-attachment":"scroll","background-type":"","background-media":"","overlay-type":"","overlay-color":"","overlay-opacity":"","overlay-gradient":""},"mobile":{"background-color":"","background-image":"","background-repeat":"repeat","background-position":"center center","background-size":"auto","background-attachment":"scroll","background-type":"","background-media":"","overlay-type":"","overlay-color":"","overlay-opacity":"","overlay-gradient":""}},"ast-content-background-meta":{"desktop":{"background-color":"var(--ast-global-color-4)","background-image":"","background-repeat":"repeat","background-position":"center center","background-size":"auto","background-attachment":"scroll","background-type":"","background-media":"","overlay-type":"","overlay-color":"","overlay-opacity":"","overlay-gradient":""},"tablet":{"background-color":"var(--ast-global-color-4)","background-image":"","background-repeat":"repeat","background-position":"center center","background-size":"auto","background-attachment":"scroll","background-type":"","background-media":"","overlay-type":"","overlay-color":"","overlay-opacity":"","overlay-gradient":""},"mobile":{"background-color":"var(--ast-global-color-4)","background-image":"","background-repeat":"repeat","background-position":"center center","background-size":"auto","background-attachment":"scroll","background-type":"","background-media":"","overlay-type":"","overlay-color":"","overlay-opacity":"","overlay-gradient":""}},"footnotes":""},"class_list":["post-95","page","type-page","status-publish","hentry"],"aioseo_notices":[],"_links":{"self":[{"href":"https:\/\/cokolwiek1234.pl\/index.php\/wp-json\/wp\/v2\/pages\/95","targetHints":{"allow":["GET"]}}],"collection":[{"href":"https:\/\/cokolwiek1234.pl\/index.php\/wp-json\/wp\/v2\/pages"}],"about":[{"href":"https:\/\/cokolwiek1234.pl\/index.php\/wp-json\/wp\/v2\/types\/page"}],"author":[{"embeddable":true,"href":"https:\/\/cokolwiek1234.pl\/index.php\/wp-json\/wp\/v2\/users\/1"}],"replies":[{"embeddable":true,"href":"https:\/\/cokolwiek1234.pl\/index.php\/wp-json\/wp\/v2\/comments?post=95"}],"version-history":[{"count":4,"href":"https:\/\/cokolwiek1234.pl\/index.php\/wp-json\/wp\/v2\/pages\/95\/revisions"}],"predecessor-version":[{"id":113,"href":"https:\/\/cokolwiek1234.pl\/index.php\/wp-json\/wp\/v2\/pages\/95\/revisions\/113"}],"wp:attachment":[{"href":"https:\/\/cokolwiek1234.pl\/index.php\/wp-json\/wp\/v2\/media?parent=95"}],"curies":[{"name":"wp","href":"https:\/\/api.w.org\/{rel}","templated":true}]}}